{"id":1489,"date":"2019-12-29T11:31:43","date_gmt":"2019-12-29T11:31:43","guid":{"rendered":"http:\/\/punktprint.de\/?page_id=1489"},"modified":"2026-01-08T16:08:59","modified_gmt":"2026-01-08T16:08:59","slug":"wandkalender","status":"publish","type":"page","link":"https:\/\/punktprint.de\/?page_id=1489","title":{"rendered":"Wandkalender &#8222;Italien&#8220;"},"content":{"rendered":"<p><span class=\"_5mfr\"><span class=\"_6qdm\">??<\/span><\/span> Hol die die Sonne Italiens in dein Wohnzimmer!<\/p>\n<p>Tr\u00e4umst du noch vom letzten Urlaub, vom Strand zwischen den Zehen, dem Schinken, der auf der Zunge schmilzt und h\u00f6rst noch das Meeresrauschen?<\/p>\n<p>Dieses Gef\u00fchl kannst du dir jetzt nach Hause holen.<\/p>\n<div class=\"text_exposed_show\">\n<p>Dieser Kalender mit einzigartigen Bildern f\u00fcr nur 42 Euro incl. Versand!<\/p>\n<p>Einen Kalender mit eigenen Bildern erstelle ich gern, Dazu brauche ich 13 hochaufgel\u00f6ste Bilder und die Versicherung, die Rechte an diesen Bildern zu haben. Kalender Din A 2 mit eigenen Bildern kostet 45,- \u20ac Klicke den Link, um das einmalige Angebot anzusehen!<\/p>\n<\/div>\n<p>Andere Gr\u00f6\u00dfen (z.B. Din A 3 oder Din A 4, hoch oder quer) andere Auflagen: Preise auf Anfrage<\/p>\n<div class=\"text_exposed_show\">\n<p>Bitte eine mail an: <a href=\"mailto:info@punktprint.de\" target=\"_blank\" rel=\"noopener noreferrer\">info@punktprint.de<\/a><\/p>\n<\/div>\n<p>weitere Wandkalender in Vorbereitung\/verf\u00fcgbar<\/p>\n<p>&nbsp;<\/p>\n\n\n<figure class=\"wp-block-image size-large is-resized\"><noscript><img decoding=\"async\" src=\"http:\/\/punktprint.de\/wp-content\/uploads\/2019\/12\/Kalender-2020-Muster2-klein-1024x726.jpg\" alt class=\"wp-image-1493\" width=\"685\" height=\"485\" srcset=\"https:\/\/punktprint.de\/wp-content\/uploads\/2019\/12\/Kalender-2020-Muster2-klein-1024x726.jpg 1024w, https:\/\/punktprint.de\/wp-content\/uploads\/2019\/12\/Kalender-2020-Muster2-klein-300x213.jpg 300w, https:\/\/punktprint.de\/wp-content\/uploads\/2019\/12\/Kalender-2020-Muster2-klein-768x544.jpg 768w, https:\/\/punktprint.de\/wp-content\/uploads\/2019\/12\/Kalender-2020-Muster2-klein-1536x1089.jpg 1536w, https:\/\/punktprint.de\/wp-content\/uploads\/2019\/12\/Kalender-2020-Muster2-klein-2048x1452.jpg 2048w, https:\/\/punktprint.de\/wp-content\/uploads\/2019\/12\/Kalender-2020-Muster2-klein-scaled.jpg 1920w\" sizes=\"(max-width: 685px) 100vw, 685px\"><\/noscript><img decoding=\"async\" src=\"data:image\/svg+xml,%3Csvg%20xmlns%3D%22http%3A%2F%2Fwww.w3.org%2F2000%2Fsvg%22%20viewBox%3D%220%200%20685%20485%22%3E%3C%2Fsvg%3E\" alt class=\"wp-image-1493 lazyload\" width=\"685\" height=\"485\" srcset=\"data:image\/svg+xml,%3Csvg%20xmlns%3D%22http%3A%2F%2Fwww.w3.org%2F2000%2Fsvg%22%20viewBox%3D%220%200%20685%20485%22%3E%3C%2Fsvg%3E 685w\" sizes=\"(max-width: 685px) 100vw, 685px\" data-srcset=\"https:\/\/punktprint.de\/wp-content\/uploads\/2019\/12\/Kalender-2020-Muster2-klein-1024x726.jpg 1024w, https:\/\/punktprint.de\/wp-content\/uploads\/2019\/12\/Kalender-2020-Muster2-klein-300x213.jpg 300w, https:\/\/punktprint.de\/wp-content\/uploads\/2019\/12\/Kalender-2020-Muster2-klein-768x544.jpg 768w, https:\/\/punktprint.de\/wp-content\/uploads\/2019\/12\/Kalender-2020-Muster2-klein-1536x1089.jpg 1536w, https:\/\/punktprint.de\/wp-content\/uploads\/2019\/12\/Kalender-2020-Muster2-klein-2048x1452.jpg 2048w, https:\/\/punktprint.de\/wp-content\/uploads\/2019\/12\/Kalender-2020-Muster2-klein-scaled.jpg 1920w\" data-src=\"http:\/\/punktprint.de\/wp-content\/uploads\/2019\/12\/Kalender-2020-Muster2-klein-1024x726.jpg\" loading=\"lazy\"><\/figure>\n\n\n\n<p><\/p>\n\n\n\n<figure class=\"wp-block-image size-large is-resized\"><noscript><img decoding=\"async\" src=\"http:\/\/punktprint.de\/wp-content\/uploads\/2019\/12\/\u00dcbersicht-1024x979.jpg\" alt class=\"wp-image-1494\" width=\"680\" height=\"650\" srcset=\"https:\/\/punktprint.de\/wp-content\/uploads\/2019\/12\/\u00dcbersicht-1024x979.jpg 1024w, https:\/\/punktprint.de\/wp-content\/uploads\/2019\/12\/\u00dcbersicht-300x287.jpg 300w, https:\/\/punktprint.de\/wp-content\/uploads\/2019\/12\/\u00dcbersicht-768x734.jpg 768w, https:\/\/punktprint.de\/wp-content\/uploads\/2019\/12\/\u00dcbersicht-1536x1469.jpg 1536w, https:\/\/punktprint.de\/wp-content\/uploads\/2019\/12\/\u00dcbersicht-2048x1958.jpg 2048w, https:\/\/punktprint.de\/wp-content\/uploads\/2019\/12\/\u00dcbersicht-scaled.jpg 1920w\" sizes=\"(max-width: 680px) 100vw, 680px\"><\/noscript><img decoding=\"async\" src=\"data:image\/svg+xml,%3Csvg%20xmlns%3D%22http%3A%2F%2Fwww.w3.org%2F2000%2Fsvg%22%20viewBox%3D%220%200%20680%20650%22%3E%3C%2Fsvg%3E\" alt class=\"wp-image-1494 lazyload\" width=\"680\" height=\"650\" srcset=\"data:image\/svg+xml,%3Csvg%20xmlns%3D%22http%3A%2F%2Fwww.w3.org%2F2000%2Fsvg%22%20viewBox%3D%220%200%20680%20650%22%3E%3C%2Fsvg%3E 680w\" sizes=\"(max-width: 680px) 100vw, 680px\" data-srcset=\"https:\/\/punktprint.de\/wp-content\/uploads\/2019\/12\/\u00dcbersicht-1024x979.jpg 1024w, https:\/\/punktprint.de\/wp-content\/uploads\/2019\/12\/\u00dcbersicht-300x287.jpg 300w, https:\/\/punktprint.de\/wp-content\/uploads\/2019\/12\/\u00dcbersicht-768x734.jpg 768w, https:\/\/punktprint.de\/wp-content\/uploads\/2019\/12\/\u00dcbersicht-1536x1469.jpg 1536w, https:\/\/punktprint.de\/wp-content\/uploads\/2019\/12\/\u00dcbersicht-2048x1958.jpg 2048w, https:\/\/punktprint.de\/wp-content\/uploads\/2019\/12\/\u00dcbersicht-scaled.jpg 1920w\" data-src=\"http:\/\/punktprint.de\/wp-content\/uploads\/2019\/12\/\u00dcbersicht-1024x979.jpg\" loading=\"lazy\"><\/figure>\n","protected":false},"excerpt":{"rendered":"<p>?? Hol die die Sonne Italiens in dein Wohnzimmer! Tr\u00e4umst du noch vom letzten Urlaub, vom Strand zwischen den Zehen, dem Schinken, der auf der Zunge schmilzt und h\u00f6rst noch das Meeresrauschen? Dieses Gef\u00fchl kannst du dir jetzt nach Hause holen. Dieser Kalender mit einzigartigen Bildern f\u00fcr nur 42 Euro incl. Versand! Einen Kalender mit [&hellip;]<\/p>\n","protected":false},"author":1,"featured_media":0,"parent":0,"menu_order":0,"comment_status":"closed","ping_status":"closed","template":"templates\/template-full.php","meta":{"ngg_post_thumbnail":0,"footnotes":""},"class_list":["post-1489","page","type-page","status-publish","hentry","post"],"jetpack_sharing_enabled":true,"_links":{"self":[{"href":"https:\/\/punktprint.de\/index.php?rest_route=\/wp\/v2\/pages\/1489","targetHints":{"allow":["GET"]}}],"collection":[{"href":"https:\/\/punktprint.de\/index.php?rest_route=\/wp\/v2\/pages"}],"about":[{"href":"https:\/\/punktprint.de\/index.php?rest_route=\/wp\/v2\/types\/page"}],"author":[{"embeddable":true,"href":"https:\/\/punktprint.de\/index.php?rest_route=\/wp\/v2\/users\/1"}],"replies":[{"embeddable":true,"href":"https:\/\/punktprint.de\/index.php?rest_route=%2Fwp%2Fv2%2Fcomments&post=1489"}],"version-history":[{"count":16,"href":"https:\/\/punktprint.de\/index.php?rest_route=\/wp\/v2\/pages\/1489\/revisions"}],"predecessor-version":[{"id":2225,"href":"https:\/\/punktprint.de\/index.php?rest_route=\/wp\/v2\/pages\/1489\/revisions\/2225"}],"wp:attachment":[{"href":"https:\/\/punktprint.de\/index.php?rest_route=%2Fwp%2Fv2%2Fmedia&parent=1489"}],"curies":[{"name":"wp","href":"https:\/\/api.w.org\/{rel}","templated":true}]}}